{"id":7,"date":"2018-04-24T22:51:41","date_gmt":"2018-04-24T22:51:41","guid":{"rendered":"https:\/\/puglieseadvogados.com.br\/site\/?page_id=7"},"modified":"2023-11-14T17:36:06","modified_gmt":"2023-11-14T17:36:06","slug":"pagina-inicial","status":"publish","type":"page","link":"https:\/\/puglieseadvogados.com.br\/site\/","title":{"rendered":"In\u00edcio"},"content":{"rendered":"<p><strong>Bem-vindo(a) ao s\u00edtio eletr\u00f4nico de<\/strong><\/p>\n<p><img loading=\"lazy\" class=\"size-full wp-image-178 alignleft\" src=\"https:\/\/puglieseadvogados.com.br\/site\/wp-content\/uploads\/2018\/05\/ROBERTO.jpg\" alt=\"\" width=\"200\" height=\"200\" srcset=\"https:\/\/puglieseadvogados.com.br\/site\/wp-content\/uploads\/2018\/05\/ROBERTO.jpg 200w, https:\/\/puglieseadvogados.com.br\/site\/wp-content\/uploads\/2018\/05\/ROBERTO-150x150.jpg 150w, https:\/\/puglieseadvogados.com.br\/site\/wp-content\/uploads\/2018\/05\/ROBERTO-100x100.jpg 100w\" sizes=\"(max-width: 200px) 100vw, 200px\" \/>\u00a0<img loading=\"lazy\" class=\"wp-image-1002 alignleft\" src=\"https:\/\/puglieseadvogados.com.br\/site\/wp-content\/uploads\/2021\/07\/drpugliese.png\" alt=\"\" width=\"344\" height=\"161\" srcset=\"https:\/\/puglieseadvogados.com.br\/site\/wp-content\/uploads\/2021\/07\/drpugliese.png 420w, https:\/\/puglieseadvogados.com.br\/site\/wp-content\/uploads\/2021\/07\/drpugliese-300x141.png 300w\" sizes=\"(max-width: 344px) 100vw, 344px\" \/><\/p>\n<p>&nbsp;<\/p>\n<h3 style=\"clear: both; text-align: left;\"><strong>Cr\u00e9ditos<\/strong><\/h3>\n<p>Os dados e imagens aqui apresentados foram gentilmente cedidos por:<br \/>\n<strong>Marcio Martini &#8211;\u00a0<\/strong><a href=\"http:\/\/cananet.com.br\" target=\"_blank\" rel=\"noopener\">cananet.com.br<\/a><\/p>\n<p><strong>Maria Fernanda Carvalho &#8211;\u00a0<\/strong><a href=\"http:\/\/fb.com\/EuAmoCananeia\" target=\"_blank\" rel=\"noopener\">EuAmoCananeia<\/a><\/p>\n<p><strong>Belmiro Photografia &#8211;\u00a0<\/strong><a href=\"https:\/\/www.facebook.com\/Photoscomamor\/\" target=\"_blank\" rel=\"noopener\">Photoscomamor<\/a><br \/>\n<!-- TABELA DE CONTATOS--><\/p>\n<p><strong>Marllon Souza &#8211;<\/strong> <a href=\"https:\/\/www.criacaodesign.com.br\" target=\"_blank\" rel=\"noopener\">Cria\u00e7\u00e3o Design<\/a><\/p>\n<table style=\"border-collapse: collapse; border-width: 0;\" border=\"0\" width=\"100%\" cellspacing=\"0\" cellpadding=\"0\" bgcolor=\"#F0F0F0\">\n<tbody>\n<tr bgcolor=\"#F0F0F0\">\n<td><strong>Florian\u00f3polis \u2013 SC<\/strong><br \/>\nRua Padre Roma 482 15\u00b0 andar\/\u00c1tico &#8211; Centro,<br \/>\nFlorian\u00f3polis &#8211; SC, CEP 88010-090<br \/>\n(48) 3025-1809<br \/>\npugliese@puglieseadvogados.com.br<\/td>\n<td><strong>Joinville \u2013 SC<\/strong><br \/>\nRua Max Collin, 1917, Conjunto 41<br \/>\nAm\u00e9rica, Joinville &#8211; SC, CEP 89204-635<br \/>\n(47) 3440-0472 | (48) 99911-5511 whats<br \/>\npugliese@puglieseadvogados.com.br<\/td>\n<\/tr>\n<\/tbody>\n<\/table>\n<p><!-- FIM TABELA DE CONTATOS--><\/p>\n","protected":false},"excerpt":{"rendered":"<div class=\"slide-text-bg2\"><span>Bem-vindo(a) ao s\u00edtio eletr\u00f4nico de \u00a0 &nbsp; Cr\u00e9ditos Os dados e imagens aqui apresentados foram gentilmente cedidos por: Marcio Martini &#8211;\u00a0canan<\/span><\/div>\n<div class=\"slide-btn-area-sm\"><a href=\"https:\/\/puglieseadvogados.com.br\/site\/\" class=\"slide-btn-sm\">Ler mais<\/a><\/div>\n","protected":false},"author":1,"featured_media":0,"parent":0,"menu_order":0,"comment_status":"closed","ping_status":"closed","template":"","meta":[],"_links":{"self":[{"href":"https:\/\/puglieseadvogados.com.br\/site\/wp-json\/wp\/v2\/pages\/7"}],"collection":[{"href":"https:\/\/puglieseadvogados.com.br\/site\/wp-json\/wp\/v2\/pages"}],"about":[{"href":"https:\/\/puglieseadvogados.com.br\/site\/wp-json\/wp\/v2\/types\/page"}],"author":[{"embeddable":true,"href":"https:\/\/puglieseadvogados.com.br\/site\/wp-json\/wp\/v2\/users\/1"}],"replies":[{"embeddable":true,"href":"https:\/\/puglieseadvogados.com.br\/site\/wp-json\/wp\/v2\/comments?post=7"}],"version-history":[{"count":42,"href":"https:\/\/puglieseadvogados.com.br\/site\/wp-json\/wp\/v2\/pages\/7\/revisions"}],"predecessor-version":[{"id":1025,"href":"https:\/\/puglieseadvogados.com.br\/site\/wp-json\/wp\/v2\/pages\/7\/revisions\/1025"}],"wp:attachment":[{"href":"https:\/\/puglieseadvogados.com.br\/site\/wp-json\/wp\/v2\/media?parent=7"}],"curies":[{"name":"wp","href":"https:\/\/api.w.org\/{rel}","templated":true}]}}