{"id":60,"date":"2018-04-25T12:41:26","date_gmt":"2018-04-25T12:41:26","guid":{"rendered":"https:\/\/puglieseadvogados.com.br\/site\/?page_id=60"},"modified":"2018-05-27T13:37:19","modified_gmt":"2018-05-27T13:37:19","slug":"minorias","status":"publish","type":"page","link":"https:\/\/puglieseadvogados.com.br\/site\/minorias\/","title":{"rendered":"Direito das Minorias"},"content":{"rendered":"<p><strong>Pescadores artesanais, ind\u00edgenas, quilombolas, movimentos populares, deficientes f\u00edsicos e mentais<\/strong><\/p>\n<p><strong><img loading=\"lazy\" class=\"size-full wp-image-441 alignleft\" src=\"https:\/\/puglieseadvogados.com.br\/site\/wp-content\/uploads\/2018\/05\/minorias-200.jpg\" alt=\"\" width=\"200\" height=\"200\" srcset=\"https:\/\/puglieseadvogados.com.br\/site\/wp-content\/uploads\/2018\/05\/minorias-200.jpg 200w, https:\/\/puglieseadvogados.com.br\/site\/wp-content\/uploads\/2018\/05\/minorias-200-150x150.jpg 150w, https:\/\/puglieseadvogados.com.br\/site\/wp-content\/uploads\/2018\/05\/minorias-200-100x100.jpg 100w\" sizes=\"(max-width: 200px) 100vw, 200px\" \/><\/strong><\/p>\n<p>Roberto J. Pugliese e sua equipe de peritos, contabilistas e advogados tradicionalmente tem atuado em defesa de direitos de grupos mais fragilizados da sociedade.<\/p>\n<p>De forma direta ou indireta, em v\u00e1rias ocasi\u00f5es j\u00e1 advogaram e deram assist\u00eancia para Colonia de Pescadores e pescadores artesanais individualmente, agindo em pr\u00f3 de direitos nem sempre reconhecido pelas autoridades p\u00fablicas. Tamb\u00e9m tem assessorado \u00f3rg\u00e3os particulares de assist\u00eancia \u00e0 ind\u00edgenas e quilombolas em diversas regi\u00f5es do pa\u00eds.<\/p>\n<p>&nbsp;<\/p>\n<p><img loading=\"lazy\" class=\"size-full wp-image-747 alignright\" src=\"https:\/\/puglieseadvogados.com.br\/site\/wp-content\/uploads\/2018\/05\/acampamento-mst-200.jpg\" alt=\"\" width=\"200\" height=\"200\" srcset=\"https:\/\/puglieseadvogados.com.br\/site\/wp-content\/uploads\/2018\/05\/acampamento-mst-200.jpg 200w, https:\/\/puglieseadvogados.com.br\/site\/wp-content\/uploads\/2018\/05\/acampamento-mst-200-150x150.jpg 150w\" sizes=\"(max-width: 200px) 100vw, 200px\" \/><\/p>\n<p>De outra parte, entende que por raz\u00f5es que surgem da situa\u00e7\u00e3o econ\u00f4mica injusta, com expressiva concentra\u00e7\u00e3o de renda, de saber e privil\u00e9gios, existe uma hipoteca social que deve ser resgatada e dentro das possibilidades, sempre que tem oportunidade procura, dentro dos segmentos de atua\u00e7\u00e3o colaborar na constru\u00e7\u00e3o de um pa\u00eds mais humano e menos injusto, motivo que assessora h\u00e1 boa data grupos que assistem deficiente f\u00edsicos e mentais.<\/p>\n<p>Enfim, o escrit\u00f3rio e a equipe de Roberto J. Pugliese atua em defesa de direitos dos menos privilegiados e mais fr\u00e1geis da sociedade.<\/p>\n","protected":false},"excerpt":{"rendered":"<div class=\"slide-text-bg2\"><span>Pescadores artesanais, ind\u00edgenas, quilombolas, movimentos populares, deficientes f\u00edsicos e mentais Roberto J. Pugliese e sua equipe de peritos, contabili<\/span><\/div>\n<div class=\"slide-btn-area-sm\"><a href=\"https:\/\/puglieseadvogados.com.br\/site\/minorias\/\" class=\"slide-btn-sm\">Ler mais<\/a><\/div>\n","protected":false},"author":1,"featured_media":0,"parent":0,"menu_order":0,"comment_status":"closed","ping_status":"closed","template":"","meta":[],"_links":{"self":[{"href":"https:\/\/puglieseadvogados.com.br\/site\/wp-json\/wp\/v2\/pages\/60"}],"collection":[{"href":"https:\/\/puglieseadvogados.com.br\/site\/wp-json\/wp\/v2\/pages"}],"about":[{"href":"https:\/\/puglieseadvogados.com.br\/site\/wp-json\/wp\/v2\/types\/page"}],"author":[{"embeddable":true,"href":"https:\/\/puglieseadvogados.com.br\/site\/wp-json\/wp\/v2\/users\/1"}],"replies":[{"embeddable":true,"href":"https:\/\/puglieseadvogados.com.br\/site\/wp-json\/wp\/v2\/comments?post=60"}],"version-history":[{"count":10,"href":"https:\/\/puglieseadvogados.com.br\/site\/wp-json\/wp\/v2\/pages\/60\/revisions"}],"predecessor-version":[{"id":812,"href":"https:\/\/puglieseadvogados.com.br\/site\/wp-json\/wp\/v2\/pages\/60\/revisions\/812"}],"wp:attachment":[{"href":"https:\/\/puglieseadvogados.com.br\/site\/wp-json\/wp\/v2\/media?parent=60"}],"curies":[{"name":"wp","href":"https:\/\/api.w.org\/{rel}","templated":true}]}}