{"id":58,"date":"2018-04-25T12:39:40","date_gmt":"2018-04-25T12:39:40","guid":{"rendered":"https:\/\/puglieseadvogados.com.br\/site\/?page_id=58"},"modified":"2018-05-27T13:35:13","modified_gmt":"2018-05-27T13:35:13","slug":"agrario","status":"publish","type":"page","link":"https:\/\/puglieseadvogados.com.br\/site\/agrario\/","title":{"rendered":"Direito Agr\u00e1rio, Urban\u00edstico, Fundi\u00e1rio"},"content":{"rendered":"<p><strong>Conflitos de vizinhan\u00e7as, possess\u00f3rios, tratos, contratos, distratos, loca\u00e7\u00f5es, concess\u00f5es, permiss\u00f5es, t\u00edtulos da d\u00edvida agr\u00e1ria, demarca\u00e7\u00f5es e divis\u00f5es de im\u00f3veis, avalia\u00e7\u00f5es.\u00a0<\/strong><\/p>\n<p><img loading=\"lazy\" class=\"size-full wp-image-422 alignleft\" src=\"https:\/\/puglieseadvogados.com.br\/site\/wp-content\/uploads\/2018\/05\/AGRARIO-URBANISTICO.jpg\" alt=\"\" width=\"200\" height=\"200\" srcset=\"https:\/\/puglieseadvogados.com.br\/site\/wp-content\/uploads\/2018\/05\/AGRARIO-URBANISTICO.jpg 200w, https:\/\/puglieseadvogados.com.br\/site\/wp-content\/uploads\/2018\/05\/AGRARIO-URBANISTICO-150x150.jpg 150w, https:\/\/puglieseadvogados.com.br\/site\/wp-content\/uploads\/2018\/05\/AGRARIO-URBANISTICO-100x100.jpg 100w\" sizes=\"(max-width: 200px) 100vw, 200px\" \/><\/p>\n<p>O direito imobili\u00e1rio n\u00e3o se limita ao territ\u00f3rio urbano, motivo que a modernamente a doutrina, face as peculiaridades pr\u00f3prias, houve desmembrar o segmento jur\u00eddico imobili\u00e1rio em urbano e rural. O direito imobili\u00e1rio se condensa em direito fundi\u00e1rio.<\/p>\n<p>EM ambos existem conflitos de vizinhan\u00e7as, possess\u00f3rios e reivindicat\u00f3rio da propriedade, mas a interpreta\u00e7\u00e3o e a solu\u00e7\u00e3o sempre se d\u00e1 de modo distinto.<\/p>\n<p>Roberto J. Pugliese tem experi\u00eancia bastante para prover atua\u00e7\u00e3o no segmento fundi\u00e1rio urbano e rural, o que permite asseverar ter sabedoria ampla no campo do direito agr\u00e1rio.<\/p>\n<p>Junto \u00e0 Justi\u00e7a Agr\u00e1ria, \u00e0 Justi\u00e7a Federal ou na Justi\u00e7a comum conflitos de massa ou individuais podem ser dirimidos e sustentados, com atua\u00e7\u00e3o doutrin\u00e1ria ou pr\u00e1tica que a experi\u00eancia de Roberto J. Pugliese permite expor.<\/p>\n<p>Conflitos de vizinhan\u00e7a, promo\u00e7\u00e3o de demarca\u00e7\u00f5es amig\u00e1veis ou n\u00e3o, divis\u00e3o de \u00e1reas e avalia\u00e7\u00f5es de im\u00f3veis, sob orienta\u00e7\u00e3o bastante para evitar tributos desnecess\u00e1rios \u00e9 atividade profissional da sua milit\u00e2ncia rotineira.<\/p>\n<p>E assim, inclui-se a lavratura de instrumentos de loca\u00e7\u00e3o, de termos de contratos e distratos, imposi\u00e7\u00e3o de cl\u00e1usulas e pactos adjetos, sempre perseguindo o melhor resultado econ\u00f4mico para os utentes.<\/p>\n<p>Enfim, em defesa da posse, propriedade, concess\u00f5es e permiss\u00f5es administrativas ou n\u00e3o, a experi\u00eancia de quem lecionou por 25 anos Direito das Coisas \u00e9 a seguran\u00e7a que os interessados encontram valendo-se da atua\u00e7\u00e3o de Roberto J. Pugliese.<\/p>\n","protected":false},"excerpt":{"rendered":"<div class=\"slide-text-bg2\"><span>Conflitos de vizinhan\u00e7as, possess\u00f3rios, tratos, contratos, distratos, loca\u00e7\u00f5es, concess\u00f5es, permiss\u00f5es, t\u00edtulos da d\u00edvida agr\u00e1ria, demarca\u00e7\u00f5es e<\/span><\/div>\n<div class=\"slide-btn-area-sm\"><a href=\"https:\/\/puglieseadvogados.com.br\/site\/agrario\/\" class=\"slide-btn-sm\">Ler mais<\/a><\/div>\n","protected":false},"author":1,"featured_media":0,"parent":0,"menu_order":0,"comment_status":"closed","ping_status":"closed","template":"","meta":[],"_links":{"self":[{"href":"https:\/\/puglieseadvogados.com.br\/site\/wp-json\/wp\/v2\/pages\/58"}],"collection":[{"href":"https:\/\/puglieseadvogados.com.br\/site\/wp-json\/wp\/v2\/pages"}],"about":[{"href":"https:\/\/puglieseadvogados.com.br\/site\/wp-json\/wp\/v2\/types\/page"}],"author":[{"embeddable":true,"href":"https:\/\/puglieseadvogados.com.br\/site\/wp-json\/wp\/v2\/users\/1"}],"replies":[{"embeddable":true,"href":"https:\/\/puglieseadvogados.com.br\/site\/wp-json\/wp\/v2\/comments?post=58"}],"version-history":[{"count":8,"href":"https:\/\/puglieseadvogados.com.br\/site\/wp-json\/wp\/v2\/pages\/58\/revisions"}],"predecessor-version":[{"id":810,"href":"https:\/\/puglieseadvogados.com.br\/site\/wp-json\/wp\/v2\/pages\/58\/revisions\/810"}],"wp:attachment":[{"href":"https:\/\/puglieseadvogados.com.br\/site\/wp-json\/wp\/v2\/media?parent=58"}],"curies":[{"name":"wp","href":"https:\/\/api.w.org\/{rel}","templated":true}]}}