{"id":53,"date":"2018-04-25T12:36:17","date_gmt":"2018-04-25T12:36:17","guid":{"rendered":"https:\/\/puglieseadvogados.com.br\/site\/?page_id=53"},"modified":"2018-05-26T17:22:24","modified_gmt":"2018-05-26T17:22:24","slug":"civil-imobiliario","status":"publish","type":"page","link":"https:\/\/puglieseadvogados.com.br\/site\/civil-imobiliario\/","title":{"rendered":"Direito Civil Imobili\u00e1rio"},"content":{"rendered":"<p><strong>Incorpora\u00e7\u00f5es, condom\u00ednios, loteamentos, parcelamentos, desmembramentos, desdobros, shopping centers, apart hoteis<\/strong><\/p>\n<p><strong><img loading=\"lazy\" class=\"size-full wp-image-437 alignleft\" src=\"https:\/\/puglieseadvogados.com.br\/site\/wp-content\/uploads\/2018\/05\/CIVIL-IMOBILIARIO.jpg\" alt=\"\" width=\"200\" height=\"200\" srcset=\"https:\/\/puglieseadvogados.com.br\/site\/wp-content\/uploads\/2018\/05\/CIVIL-IMOBILIARIO.jpg 200w, https:\/\/puglieseadvogados.com.br\/site\/wp-content\/uploads\/2018\/05\/CIVIL-IMOBILIARIO-150x150.jpg 150w, https:\/\/puglieseadvogados.com.br\/site\/wp-content\/uploads\/2018\/05\/CIVIL-IMOBILIARIO-100x100.jpg 100w\" sizes=\"(max-width: 200px) 100vw, 200px\" \/><\/strong><\/p>\n<p>A urbaniza\u00e7\u00e3o constante de \u00e1reas baldias que se transformam em destinadas a empreendimentos imobili\u00e1rios trata-se de realidade jur\u00eddica, social e econ\u00f4mica que n\u00e3o se permite ignorar. Valendo-se da organiza\u00e7\u00e3o pol\u00edtica e jur\u00eddica vigente, especialmente das necessidades mercadol\u00f3gicas, empreendedores promovem incorpora\u00e7\u00f5es imobili\u00e1rias que v\u00e3o ao encontro desses interesses.<\/p>\n<p>No mesmo sentido s\u00e3o os loteamentos, parcelamentos, desmembramentos e desdobros adotados por empres\u00e1rios imobili\u00e1rios que a par de atingir seus pr\u00f3prios interesses econ\u00f4micos, tamb\u00e9m atendem necessidades sociais e econ\u00f4micas da coletividade.<\/p>\n<p>Roberto J. Pugliese tem conhecimento bastante adquirido ao longo do tempo para orientar e permitir que essas altera\u00e7\u00f5es f\u00edsicas urbanas ou rurais do solo se concretizem dentro da legalidade, possibilitando seguran\u00e7a jur\u00eddica para quem vende e para quem compra.<\/p>\n<p>Outro segmento de atua\u00e7\u00e3o diz respeito a express\u00f5es modernas de propriedade, como se d\u00e1 com os shoppins, aparts hot\u00e9is, reesorts, galerias e condom\u00ednios em planos verticais, incorporados por pessoas f\u00edsicas e jur\u00eddicas, que al\u00e9m de atender as exig\u00eancias s\u00f3cio-economicas do mercado, devem estarem em conson\u00e2ncia com o direito urban\u00edstico de cada lugar, al\u00e9m das exig\u00eancias impostas para legalidade perante os registros p\u00fablicos.<\/p>\n<p><img loading=\"lazy\" class=\"size-full wp-image-768 alignright\" src=\"https:\/\/puglieseadvogados.com.br\/site\/wp-content\/uploads\/2018\/05\/direito-civil-imobiliario-200.jpg\" alt=\"\" width=\"200\" height=\"200\" srcset=\"https:\/\/puglieseadvogados.com.br\/site\/wp-content\/uploads\/2018\/05\/direito-civil-imobiliario-200.jpg 200w, https:\/\/puglieseadvogados.com.br\/site\/wp-content\/uploads\/2018\/05\/direito-civil-imobiliario-200-150x150.jpg 150w\" sizes=\"(max-width: 200px) 100vw, 200px\" \/>Em todas suas modalidades ou incorpora\u00e7\u00f5es imobili\u00e1rias, tratam-se de segmentos de compet\u00eancia do conhecimento de Roberto J. Pugliese, que ao longo do tempo, tem amplo cabedal para apresentar solu\u00e7\u00f5es na ordem civil, tribut\u00e1ria, ambiental,administrativa a esses empreendedores.<\/p>\n<p>A defesa da posse, propriedade, dos direitos de vizinhan\u00e7as e demais segmentos previstos no direito das coisas trata-se de atua\u00e7\u00e3o de comprovada experi\u00eancia de Roberto J. Pugliese.<\/p>\n<p>Enfim, a orienta\u00e7\u00e3o abalizada \u00e9 fundamental para o \u00eaxito e seguran\u00e7a dessas incorpora\u00e7\u00f5es imobili\u00e1rias, condom\u00ednios e desmembramentos.<\/p>\n","protected":false},"excerpt":{"rendered":"<div class=\"slide-text-bg2\"><span>Incorpora\u00e7\u00f5es, condom\u00ednios, loteamentos, parcelamentos, desmembramentos, desdobros, shopping centers, apart hoteis A urbaniza\u00e7\u00e3o constante de \u00e1reas b<\/span><\/div>\n<div class=\"slide-btn-area-sm\"><a href=\"https:\/\/puglieseadvogados.com.br\/site\/civil-imobiliario\/\" class=\"slide-btn-sm\">Ler mais<\/a><\/div>\n","protected":false},"author":1,"featured_media":0,"parent":0,"menu_order":0,"comment_status":"closed","ping_status":"closed","template":"","meta":[],"_links":{"self":[{"href":"https:\/\/puglieseadvogados.com.br\/site\/wp-json\/wp\/v2\/pages\/53"}],"collection":[{"href":"https:\/\/puglieseadvogados.com.br\/site\/wp-json\/wp\/v2\/pages"}],"about":[{"href":"https:\/\/puglieseadvogados.com.br\/site\/wp-json\/wp\/v2\/types\/page"}],"author":[{"embeddable":true,"href":"https:\/\/puglieseadvogados.com.br\/site\/wp-json\/wp\/v2\/users\/1"}],"replies":[{"embeddable":true,"href":"https:\/\/puglieseadvogados.com.br\/site\/wp-json\/wp\/v2\/comments?post=53"}],"version-history":[{"count":7,"href":"https:\/\/puglieseadvogados.com.br\/site\/wp-json\/wp\/v2\/pages\/53\/revisions"}],"predecessor-version":[{"id":769,"href":"https:\/\/puglieseadvogados.com.br\/site\/wp-json\/wp\/v2\/pages\/53\/revisions\/769"}],"wp:attachment":[{"href":"https:\/\/puglieseadvogados.com.br\/site\/wp-json\/wp\/v2\/media?parent=53"}],"curies":[{"name":"wp","href":"https:\/\/api.w.org\/{rel}","templated":true}]}}