{"id":51,"date":"2018-04-25T12:33:38","date_gmt":"2018-04-25T12:33:38","guid":{"rendered":"https:\/\/puglieseadvogados.com.br\/site\/?page_id=51"},"modified":"2018-05-27T13:39:51","modified_gmt":"2018-05-27T13:39:51","slug":"notarial","status":"publish","type":"page","link":"https:\/\/puglieseadvogados.com.br\/site\/notarial\/","title":{"rendered":"Direito Notarial e Registros P\u00fablicos"},"content":{"rendered":"<p><strong>Usucapi\u00e3o, retifica\u00e7\u00e3o, nulidades, registros, averba\u00e7\u00f5es, laje\u00a0<\/strong><\/p>\n<p><img loading=\"lazy\" class=\"size-full wp-image-424 alignleft\" src=\"https:\/\/puglieseadvogados.com.br\/site\/wp-content\/uploads\/2018\/05\/cartorio-200.jpg\" alt=\"\" width=\"200\" height=\"200\" srcset=\"https:\/\/puglieseadvogados.com.br\/site\/wp-content\/uploads\/2018\/05\/cartorio-200.jpg 200w, https:\/\/puglieseadvogados.com.br\/site\/wp-content\/uploads\/2018\/05\/cartorio-200-150x150.jpg 150w, https:\/\/puglieseadvogados.com.br\/site\/wp-content\/uploads\/2018\/05\/cartorio-200-100x100.jpg 100w\" sizes=\"(max-width: 200px) 100vw, 200px\" \/><\/p>\n<p>Com amplas condi\u00e7\u00f5es para prestar assessoramento \u00e0 not\u00e1rios e registradores, Roberto J. Pugliese, face a sua larga experi\u00eancia no trato desses segmentos tradicionais da ci\u00eancia jur\u00eddica, tem prestado servi\u00e7os a esses profissionais do direito em diversos munic\u00edpios, exonerando os de elevadas tributa\u00e7\u00f5es e responsabilidades civis, criminais, administrativas e \u00e9ticas.<\/p>\n<p>Atrav\u00e9s dos integrantes de sua equipe atua tamb\u00e9m na legaliza\u00e7\u00e3o de im\u00f3veis, valendo-se do foro extrajudicial para formaliza\u00e7\u00e3o de direito de propriedade, evitando a morosidade e os custos da judicializa\u00e7\u00e3o nem sempre necess\u00e1ria.<\/p>\n<p>&nbsp;<\/p>\n<p><img loading=\"lazy\" class=\"size-full wp-image-813 alignright\" src=\"https:\/\/puglieseadvogados.com.br\/site\/wp-content\/uploads\/2018\/05\/cartorio-de-peuibe-200.jpg\" alt=\"\" width=\"200\" height=\"200\" srcset=\"https:\/\/puglieseadvogados.com.br\/site\/wp-content\/uploads\/2018\/05\/cartorio-de-peuibe-200.jpg 200w, https:\/\/puglieseadvogados.com.br\/site\/wp-content\/uploads\/2018\/05\/cartorio-de-peuibe-200-150x150.jpg 150w\" sizes=\"(max-width: 200px) 100vw, 200px\" \/><\/p>\n<p>Tem conhecimento suficiente para promo\u00e7\u00e3o de retifica\u00e7\u00f5es administrativas e nos servi\u00e7os notariais e de registro, fazendo uso de atas notariais e instrumentos declarat\u00f3rios que a par da seguran\u00e7a, permite solu\u00e7\u00f5es r\u00e1pidas e concretas. Inclusive j\u00e1 tem atuado na legaliza\u00e7\u00e3o de lajes e outras novidades jur\u00eddicas que a modernidade e as condi\u00e7\u00f5es sociais exigem.<\/p>\n<p>Direito de Laje, retifica\u00e7\u00e3o de \u00e1reas urbanas ou rurais, conflitos de vizinhan\u00e7a s\u00e3o temas, como o Direito de Superf\u00edcie, que podem ser conduzidos amigavelmente sob a jurisdi\u00e7\u00e3o extrajudicial dos not\u00e1rios, que a compet\u00eancia de Roberto J. Pugliese tem se valido.<\/p>\n<p>Tamb\u00e9m junto aos registros p\u00fablicos, de todas as classes, Roberto J.Pugliese tem por si e sua experta assessoria, condi\u00e7\u00f5es de valer-se de instrumento legais para retifica\u00e7\u00e3o de \u00e1reas, de nomes de pessoas, aquisi\u00e7\u00e3o de propriedade aeron\u00e1utica e navais e outras tantas situa\u00e7\u00f5es que a din\u00e2mica da vida oferece. Notadamente no campo imobili\u00e1rio, de averba\u00e7\u00f5es de constru\u00e7\u00f5es irregulares ou desmembramentos j\u00e1 consolidados, conseguindo a legalidade de situa\u00e7\u00f5es pendentes.<\/p>\n","protected":false},"excerpt":{"rendered":"<div class=\"slide-text-bg2\"><span>Usucapi\u00e3o, retifica\u00e7\u00e3o, nulidades, registros, averba\u00e7\u00f5es, laje\u00a0 Com amplas condi\u00e7\u00f5es para prestar assessoramento \u00e0 not\u00e1rios e registradores, Robe<\/span><\/div>\n<div class=\"slide-btn-area-sm\"><a href=\"https:\/\/puglieseadvogados.com.br\/site\/notarial\/\" class=\"slide-btn-sm\">Ler mais<\/a><\/div>\n","protected":false},"author":1,"featured_media":0,"parent":0,"menu_order":0,"comment_status":"closed","ping_status":"closed","template":"","meta":[],"_links":{"self":[{"href":"https:\/\/puglieseadvogados.com.br\/site\/wp-json\/wp\/v2\/pages\/51"}],"collection":[{"href":"https:\/\/puglieseadvogados.com.br\/site\/wp-json\/wp\/v2\/pages"}],"about":[{"href":"https:\/\/puglieseadvogados.com.br\/site\/wp-json\/wp\/v2\/types\/page"}],"author":[{"embeddable":true,"href":"https:\/\/puglieseadvogados.com.br\/site\/wp-json\/wp\/v2\/users\/1"}],"replies":[{"embeddable":true,"href":"https:\/\/puglieseadvogados.com.br\/site\/wp-json\/wp\/v2\/comments?post=51"}],"version-history":[{"count":8,"href":"https:\/\/puglieseadvogados.com.br\/site\/wp-json\/wp\/v2\/pages\/51\/revisions"}],"predecessor-version":[{"id":814,"href":"https:\/\/puglieseadvogados.com.br\/site\/wp-json\/wp\/v2\/pages\/51\/revisions\/814"}],"wp:attachment":[{"href":"https:\/\/puglieseadvogados.com.br\/site\/wp-json\/wp\/v2\/media?parent=51"}],"curies":[{"name":"wp","href":"https:\/\/api.w.org\/{rel}","templated":true}]}}