{"id":47,"date":"2018-04-25T12:30:18","date_gmt":"2018-04-25T12:30:18","guid":{"rendered":"https:\/\/puglieseadvogados.com.br\/site\/?page_id=47"},"modified":"2023-11-21T17:26:58","modified_gmt":"2023-11-21T17:26:58","slug":"ambiental","status":"publish","type":"page","link":"https:\/\/puglieseadvogados.com.br\/site\/ambiental\/","title":{"rendered":"Direito Ambiental"},"content":{"rendered":"<p><strong>Direito de construir e manter constru\u00eddo, licenciamentos, indeniza\u00e7\u00f5es e comercializa\u00e7\u00e3o de carbonos<\/strong><\/p>\n<p style=\"text-align: justify;\"><img loading=\"lazy\" class=\"alignleft wp-image-1094 size-full\" src=\"https:\/\/puglieseadvogados.com.br\/site\/wp-content\/uploads\/2023\/11\/rio-ParaiU0301ba-do-SUl.jpg\" alt=\"\" width=\"200\" height=\"200\" srcset=\"https:\/\/puglieseadvogados.com.br\/site\/wp-content\/uploads\/2023\/11\/rio-ParaiU0301ba-do-SUl.jpg 200w, https:\/\/puglieseadvogados.com.br\/site\/wp-content\/uploads\/2023\/11\/rio-ParaiU0301ba-do-SUl-150x150.jpg 150w\" sizes=\"(max-width: 200px) 100vw, 200px\" \/>O direito ao meio ambiente preservado \u00e9 naturalmente direito de todos e como est\u00e1 previsto na ordem jur\u00eddica vigente (CF art. ) trata-se tamb\u00e9m de direito consolidado. Por\u00e9m, \u00e9 sabido que s\u00e3o in\u00fameras as atividades econ\u00f4micas que, por desconhecimento, por facilita\u00e7\u00f5es das autoridades ou em raz\u00e3o da \u00e9poca que teve in\u00edcio as atividades, que est\u00e3o sendo objeto de proibi\u00e7\u00e3o ou cessa\u00e7\u00e3o das mesmas, inclusive com ordem administrativa ou judicial para derrubada, demoli\u00e7\u00f5es ou interrup\u00e7\u00e3o.<\/p>\n<p style=\"text-align: justify;\">Sem violar direito previsto \u00e0 preserva\u00e7\u00e3o ambiental o direito adquirido, o direito consolidado de atividade ou constru\u00e7\u00e3o erguida, deve ser mantido ou indenizado. A CF deve ser interpretada em harmonia com sua proposta, jamais isoladamente.<\/p>\n<p style=\"text-align: justify;\">Autoridade p\u00fablica que desvia do fim social da legisla\u00e7\u00e3o se torna autorit\u00e1rio e o autoritarismo n\u00e3o deve ser admitidos e a tutela jur\u00eddica deve atingir a todos, mesmo que a a\u00e7\u00e3o econ\u00f4mica esteja, por raz\u00f5es justas e reconhecidas, violando regras tutoras do meio ambiente.<\/p>\n<p style=\"text-align: justify;\">Pela experi\u00eancia pr\u00f3pria e de seus parceiros e equipe, Roberto J. Pugliese tem condi\u00e7\u00f5es de buscar solu\u00e7\u00f5es jur\u00eddicas e pol\u00edticas que preservem o meio ambiente e o direito de seus clientes, quando violados pela autoridade p\u00fablica sob o manto ambiental.<\/p>\n<p style=\"text-align: justify;\">Tamb\u00e9m s\u00e3o muitas as situa\u00e7\u00f5es que exige recursos judiciais ou administrativos para que o titular de um direito possa explorar economicamente seu neg\u00f3cio, sua posse ou propriedade, motivando pois a atua\u00e7\u00e3o jur\u00eddica e pol\u00edtica que Roberto J. Pugliese tem plena habilita\u00e7\u00e3o.<\/p>\n<p style=\"text-align: justify;\">Noutras ocasi\u00f5es, o autoritarismo de agentes p\u00fablicos que ignoram os limites de suas obriga\u00e7\u00f5es, gera direito a indeniza\u00e7\u00f5es e, oportunidades outras, para evitar atos mais violentos, quer para cessar a atividade econ\u00f4mica ou a demoli\u00e7\u00e3o de pr\u00e9dios, trapiches e outras constru\u00e7\u00f5es, a negocia\u00e7\u00e3o com carbonos \u00e9 a solu\u00e7\u00e3o, cuja formaliza\u00e7\u00e3o tamb\u00e9m pode se dar atrav\u00e9s da interven\u00e7\u00e3o de Roberto J. Pugliese.<\/p>\n","protected":false},"excerpt":{"rendered":"<div class=\"slide-text-bg2\"><span>Direito de construir e manter constru\u00eddo, licenciamentos, indeniza\u00e7\u00f5es e comercializa\u00e7\u00e3o de carbonos O direito ao meio ambiente preservado \u00e9 naturalm<\/span><\/div>\n<div class=\"slide-btn-area-sm\"><a href=\"https:\/\/puglieseadvogados.com.br\/site\/ambiental\/\" class=\"slide-btn-sm\">Ler mais<\/a><\/div>\n","protected":false},"author":1,"featured_media":0,"parent":0,"menu_order":0,"comment_status":"closed","ping_status":"closed","template":"","meta":[],"_links":{"self":[{"href":"https:\/\/puglieseadvogados.com.br\/site\/wp-json\/wp\/v2\/pages\/47"}],"collection":[{"href":"https:\/\/puglieseadvogados.com.br\/site\/wp-json\/wp\/v2\/pages"}],"about":[{"href":"https:\/\/puglieseadvogados.com.br\/site\/wp-json\/wp\/v2\/types\/page"}],"author":[{"embeddable":true,"href":"https:\/\/puglieseadvogados.com.br\/site\/wp-json\/wp\/v2\/users\/1"}],"replies":[{"embeddable":true,"href":"https:\/\/puglieseadvogados.com.br\/site\/wp-json\/wp\/v2\/comments?post=47"}],"version-history":[{"count":12,"href":"https:\/\/puglieseadvogados.com.br\/site\/wp-json\/wp\/v2\/pages\/47\/revisions"}],"predecessor-version":[{"id":1097,"href":"https:\/\/puglieseadvogados.com.br\/site\/wp-json\/wp\/v2\/pages\/47\/revisions\/1097"}],"wp:attachment":[{"href":"https:\/\/puglieseadvogados.com.br\/site\/wp-json\/wp\/v2\/media?parent=47"}],"curies":[{"name":"wp","href":"https:\/\/api.w.org\/{rel}","templated":true}]}}