{"id":105,"date":"2018-04-25T19:38:07","date_gmt":"2018-04-25T19:38:07","guid":{"rendered":"https:\/\/puglieseadvogados.com.br\/site\/?page_id=105"},"modified":"2023-11-14T17:48:07","modified_gmt":"2023-11-14T17:48:07","slug":"curriculo","status":"publish","type":"page","link":"https:\/\/puglieseadvogados.com.br\/site\/curriculo\/","title":{"rendered":"Apresenta\u00e7\u00e3o"},"content":{"rendered":"<p><img loading=\"lazy\" class=\"size-full wp-image-371 alignleft\" src=\"https:\/\/puglieseadvogados.com.br\/site\/wp-content\/uploads\/2018\/05\/roberto-foto-002-200-200.jpg\" alt=\"\" width=\"200\" height=\"200\" srcset=\"https:\/\/puglieseadvogados.com.br\/site\/wp-content\/uploads\/2018\/05\/roberto-foto-002-200-200.jpg 200w, https:\/\/puglieseadvogados.com.br\/site\/wp-content\/uploads\/2018\/05\/roberto-foto-002-200-200-150x150.jpg 150w, https:\/\/puglieseadvogados.com.br\/site\/wp-content\/uploads\/2018\/05\/roberto-foto-002-200-200-100x100.jpg 100w\" sizes=\"(max-width: 200px) 100vw, 200px\" \/><\/p>\n<p><strong>Roberto J. Pugliese<\/strong> \u00e9 brasileiro, casado com Ivone Cl\u00e1udia de Braga Pereira Pugliese desde 1976, advogado, inscrito na OAB-Sc sob n\u00ba 9059-b, professor de Ci\u00eancias Jur\u00eddicas e Sociais, palestrante e escritor,residente em Florian\u00f3polis, Sc. Seu \u00fanico filho, Roberto Jos\u00e9 Pugliese J\u00fanior \u00e9 advogado e s\u00f3cio no escrit\u00f3rio Pugliese Advogados, com sede na cidade de Joinville, Sc, onde residente com sua mulher Thais Brito Pugliese e sua filha Rafaela Brito Pugliese, nascida em 2014 na mesma cidade.<\/p>\n<p><img loading=\"lazy\" class=\"size-full wp-image-401 alignright\" src=\"https:\/\/puglieseadvogados.com.br\/site\/wp-content\/uploads\/2018\/05\/NOVO-BANESPA_200x200.jpg\" alt=\"\" width=\"200\" height=\"200\" srcset=\"https:\/\/puglieseadvogados.com.br\/site\/wp-content\/uploads\/2018\/05\/NOVO-BANESPA_200x200.jpg 200w, https:\/\/puglieseadvogados.com.br\/site\/wp-content\/uploads\/2018\/05\/NOVO-BANESPA_200x200-150x150.jpg 150w, https:\/\/puglieseadvogados.com.br\/site\/wp-content\/uploads\/2018\/05\/NOVO-BANESPA_200x200-100x100.jpg 100w\" sizes=\"(max-width: 200px) 100vw, 200px\" \/>Nasceu na cidade de S\u00e3o Paulo, em 10 de Agosto de 1949, onde foi criado e estudou desde as primeiras letras. Seu hist\u00f3rico \u00e9 longo e demonstra ter ao longo da sua vida, participado ativamente de atividades bem diversificadas com variadas atua\u00e7\u00f5es perante a sociedade civil. Atualmente tem escrit\u00f3rio em \u00a0 Florian\u00f3polis, Sc., associado ao BZH Advogados, com endere\u00e7o \u00e0 avenida Rio Branco, 350, 8\u00ba andar; e mant\u00e9m tamb\u00e9m escrit\u00f3rio em Joinville,Sc. \u00e0 rua Max Collin, 1917, conjunto 41.<\/p>\n<p>S\u00f3cio fundador do Lions Clube Itanha\u00e9m Praia, da cidade Itanha\u00e9m, 1983, foi membro do LIons Clube de Gurupi e do LIons Clube Florian\u00f3polis, Lagoa, Hellen Keller e atualmente do Lions Clube de S\u00e3o Francisco do Sul..<\/p>\n<h2><strong>Forma\u00e7\u00e3o acad\u00eamica<\/strong><\/h2>\n<p><img loading=\"lazy\" class=\"size-full wp-image-784 alignleft\" src=\"https:\/\/puglieseadvogados.com.br\/site\/wp-content\/uploads\/2018\/05\/puc-aerea-200.jpg\" alt=\"\" width=\"200\" height=\"200\" srcset=\"https:\/\/puglieseadvogados.com.br\/site\/wp-content\/uploads\/2018\/05\/puc-aerea-200.jpg 200w, https:\/\/puglieseadvogados.com.br\/site\/wp-content\/uploads\/2018\/05\/puc-aerea-200-150x150.jpg 150w\" sizes=\"(max-width: 200px) 100vw, 200px\" \/>1) Bacharel em Direito \u2013 Faculdade Paulista de Direito<br \/>\n\u2013 Pontif\u00edcia Universidade Cat\u00f3lica de S. Paulo \u2013 1974<br \/>\n\u2013 Turma Washington de Barros Monteiro.<br \/>\n2) Especialista em Direito Notarial e Registros P\u00fablicos<br \/>\n\u2013 Faculdades Metropolitanas Unidas &#8211; 1977<br \/>\n3) Especialista em Educa\u00e7\u00e3o Ambiental<br \/>\n\u2013 Centro de Especializa\u00e7\u00e3o \u00e0 Distancia Senac Curitiba \u2013 2006 ( on line )<br \/>\n4) In\u00fameros cursos jur\u00eddicos de extens\u00e3o universit\u00e1ria e de aperfei\u00e7oamento.<\/p>\n<h2><\/h2>\n<h2><strong>Informa\u00e7\u00f5es Profissionais<\/strong><\/h2>\n<p><strong><img loading=\"lazy\" class=\"wp-image-785 size-full alignleft\" src=\"https:\/\/puglieseadvogados.com.br\/site\/wp-content\/uploads\/2018\/05\/forum-cananeia-200.jpg\" alt=\"\" width=\"200\" height=\"200\" srcset=\"https:\/\/puglieseadvogados.com.br\/site\/wp-content\/uploads\/2018\/05\/forum-cananeia-200.jpg 200w, https:\/\/puglieseadvogados.com.br\/site\/wp-content\/uploads\/2018\/05\/forum-cananeia-200-150x150.jpg 150w\" sizes=\"(max-width: 200px) 100vw, 200px\" \/><\/strong>1) Advogado, inscrito na OAB\/ Sc sob n.9059\/b;- 10 de Abril de 1979<br \/>\nFoi inscrito na OAB-Sp sob n. 53025 e na OAB- To sob n. 253 b<br \/>\n2) Assessor jur\u00eddico da C\u00e2mara Municipal de Itanha\u00e9m.- Mar\u00e7o de 1985\/ Abril de 1987<br \/>\n3) Assessor jur\u00eddico da C\u00e2mara Municipal de Gurupi \u2013 Dezembro de 1989\/ Abril de 1990 ( apenas para assessorar a elabora\u00e7\u00e3o da Lei Org\u00e2nica ) e Abril de 1991 \/ Mar\u00e7o de 1992 \u2013( apenas para assessorar a elabora\u00e7\u00e3o do regimento interno )<br \/>\n4) Funcion\u00e1rio do 22\u00ba tabelionato de notas de S. Paulo \u2013 Agosto de 1968 a 1971 auxiliar, e posteriormente, at\u00e9 outubro 1978, escrevente \u2013<br \/>\n5) S\u00f3cio fundador de Pugliese Gomes Advocacia, sociedade de advogados registrada na OAB- SC sob n. 1399 \u2013 e sede em S\u00e3o Francisco do Sul. \u00a0 \u2013www.pugliesegomes.com.br<br \/>\n6) Propriet\u00e1rio de escrit\u00f3rio de Advocacia em S\u00e3o Paulo, Capital, com sede \u00e0 rua Tabatinguera 147, 17\u00ba andar, centro e posteriormente \u00e0 avenida Brasil, 2.100, Jardim Am\u00e9rica.<br \/>\n7) Propriet\u00e1rio de escrit\u00f3rio de Advocacia em Canan\u00e9ia, \u00e0 rua Silvino Ara\u00fajo, esquina com Trudes da Veiga.<br \/>\n8) Propriet\u00e1rio de escrit\u00f3rio de Advocacia em Itanha\u00e9m, \u00e0 avenida Pedro de Toledo e posteriormente \u00e0 avenida Rui Barbosa.<br \/>\n9) Propriet\u00e1rio do escrit\u00f3rio de Advocacia em Gurupi, To, \u00e0 avenida Santa Catarina, centro.<br \/>\n10)\u00a0S\u00f3cio do Escrit\u00f3rio Pugliese Advogados, com sede em Joinville.<br \/>\n11) Declarado pela OAB-SC advogado remido por merecimento e tempo de inscri\u00e7\u00e3o.<\/p>\n<h2><strong>Atividades Docentes<\/strong><\/h2>\n<p><strong><img loading=\"lazy\" class=\"wp-image-786 size-full alignleft\" src=\"https:\/\/puglieseadvogados.com.br\/site\/wp-content\/uploads\/2018\/05\/AULA-ROBERTO-CORTE.jpg\" alt=\"\" width=\"200\" height=\"200\" srcset=\"https:\/\/puglieseadvogados.com.br\/site\/wp-content\/uploads\/2018\/05\/AULA-ROBERTO-CORTE.jpg 200w, https:\/\/puglieseadvogados.com.br\/site\/wp-content\/uploads\/2018\/05\/AULA-ROBERTO-CORTE-150x150.jpg 150w\" sizes=\"(max-width: 200px) 100vw, 200px\" \/><\/strong>a) Professor de Direito Civil, Coisas \u2013 Faculdade de Direito de Joinville. Contratado em 01 de Mar\u00e7o de 1994.- Exonerado a pedido em Abril de 2009.<br \/>\nb) Chefe de Departamento de Direito Privado \u2013 Faculdade de Direito de Joinville &#8211; 28 de Agosto de 2001<br \/>\nc) Chefe de Departamento de Atividades B\u00e1sicas \u2013 Faculdade de Direito de Joinville &#8211; 01 de Janeiro de 2003.<br \/>\nd) Professor Titular de Direito Civil \u2013 Coisas \u2013 Faculdade de Filosofia e Ci\u00eancias Humanas de Gurupi. To.\u2013 Nomeado ap\u00f3s aprovado em Concurso P\u00fablico. \u2013 01.de Fevereiro de 1990.- ( Atual Universidade Federal do Tocantins )<br \/>\ne) Professor convidado da BBG Sociedade de Ensino da cidade de Londrina, Pr. \u2013 Professor de Direito Notarial e Direito Civil<br \/>\nf) Professor contratado da Faculdade de Direito da Unerj \u2013 Jaragu\u00e1 do Sul, 01 de Agosto de 2005. \u2013 Exonerado a pedido em Janeiro de 2006.<br \/>\ng) Monitor Acad\u00eamico durante o ano letivo de 1973 \u2013 Cadeira de Introdu\u00e7\u00e3o a Ci\u00eancia do Direito \u2013 Titular prof. Andr\u00e9 Franco Montoro \u2013 professora assistente Silvia Pimentel \u2013 Faculdade Paulista de Direito \u2013 Pontif\u00edcia Universidade Cat\u00f3lica de S. Paulo<br \/>\nh) Professor Assistente. Cadeira de Introdu\u00e7\u00e3o \u00e0 Ci\u00eancia do Direito \u2013 Titular prof. Andr\u00e9 Franco Montoro. Faculdade Paulista de Direito \u2013 Pontif\u00edcia Universidade Cat\u00f3lica de S\u00e3o Paulo. 1975.<br \/>\ni) Coordenador do Conselho Editorial da Revista J\u00faris Monumenta, da Faculdade de Direito de Joinville. Joinville, 2007.<br \/>\nj) Membro do Conselho Editorial da Revista J\u00faris Monumenta, da Faculdade de Direito de Joinville. Joinville, 2005.<br \/>\nk) Professor convidado de ISIPE \u2013 Instituto Brasileiro de Estudos Acad\u00eamicos, da cidade de Londrina, Pr. \u2013 Professor de Direito Notarial, Registros P\u00fablicos e Direito Civil<br \/>\nl) Professor de Direito do Trabalho e Direito Civil contratado pela Faculdade de Filosofia e Cienciaas Humanas de Gurupi, Estado do Tocantins, em 1 de Fevereiro de 1990.<br \/>\nj) Professor de Direito Civil concursado da Faculdade de Filosofia e Ciencias Humanas de Gurupi, com o grau 85, em concurso p\u00fablico de provas e t\u00edtulos realizado em pela aludida institui\u00e7\u00e3o em 1991.<br \/>\nf) Participa\u00e7\u00e3o na condi\u00e7\u00e3o de ministrante de cursos, palestras e semin\u00e1rios jur\u00eddicos diversos. Entre as incont\u00e1veis palestras abordando temas jur\u00eddicos voltados para Direito Notarial, Registros P\u00fablicos, Direitos Humanos, Terrenos de Marinha, ministrou em Canan\u00e9ia, na Associa\u00e7\u00e3o Comercial e Industrial, palestra abordando as a\u00e7\u00e3o demolit\u00f3rias propostas pelo Minist\u00e9rio P\u00fablico Ambiental do Vale do Ribeira.<\/p>\n<h2><strong>Obras jur\u00eddicas publicadas<\/strong><\/h2>\n<p><strong><img loading=\"lazy\" class=\"wp-image-787 size-full alignleft\" src=\"https:\/\/puglieseadvogados.com.br\/site\/wp-content\/uploads\/2018\/05\/lancamento-livro-200.jpg\" alt=\"\" width=\"200\" height=\"200\" srcset=\"https:\/\/puglieseadvogados.com.br\/site\/wp-content\/uploads\/2018\/05\/lancamento-livro-200.jpg 200w, https:\/\/puglieseadvogados.com.br\/site\/wp-content\/uploads\/2018\/05\/lancamento-livro-200-150x150.jpg 150w\" sizes=\"(max-width: 200px) 100vw, 200px\" \/><\/strong>a) Curso de Direito Judici\u00e1rio \u2013 Forense, 1987. \u2013 Pref\u00e1cio do Ministro Cezar Peluzo do STF, atual presidente do Egr\u00e9gio Supremo Tribunal Federal.<br \/>\nb) Direito Notarial Brasileiro \u2013 Leud, 1989 \u2013 Pref\u00e1cio do tabeli\u00e3o Albergaria, de S. Paulo<br \/>\nc) Summa da Posse \u2013 Direito, A\u00e7\u00e3o e Legisla\u00e7\u00e3o \u2013I. volume: Leud, 1992 \u2013 II volume: Leud, 1994<br \/>\nd) Quadro hist\u00f3rico retrospectivo das circunscri\u00e7\u00f5es imobili\u00e1rias da comarca de S. Paulo &#8211; avulso, 1973<br \/>\ne) Direito Agr\u00e1rio e Direito Fundi\u00e1rio \u2013 grava\u00e7\u00e3o \u2013 Telejur \u2013 Cursos Jur\u00eddicos, Rio de Janeiro \u20131996<br \/>\nf) Direito Notarial \u2013 grava\u00e7\u00e3o \u2013 Telejur \u2013 Cursos Jur\u00eddicos, Rio de Janeiro, 1996<br \/>\ng) Participa\u00e7\u00e3o como colaborador de obra coletiva \u2013 A import\u00e2ncia do advogado &#8211; Forense \u2013 2000<br \/>\nh) Terrenos de Marinha e seus Acrescidos \u2013 Letras Jur\u00eddicas, de S\u00e3o Paulo. Escrita em conjunto com Lia Melo. 2009.<br \/>\ni) Artigos jur\u00eddicos diversos publicados em revistas jur\u00eddicas especializadas, jornais e s\u00edtios virtuais in\u00fameros.<br \/>\nj) Direito das Coisas \u2013 Curso \u2013 Livraria Editora Universit\u00e1ria de Direito \u2013 Leud, S. Paulo, 2005<strong><br \/>\n<\/strong><\/p>\n<h2><strong>Outras atividades<\/strong><\/h2>\n<p><strong><img loading=\"lazy\" class=\"wp-image-788 size-full alignleft\" src=\"https:\/\/puglieseadvogados.com.br\/site\/wp-content\/uploads\/2018\/05\/roberto-com-a-neta-200.jpg\" alt=\"\" width=\"200\" height=\"200\" srcset=\"https:\/\/puglieseadvogados.com.br\/site\/wp-content\/uploads\/2018\/05\/roberto-com-a-neta-200.jpg 200w, https:\/\/puglieseadvogados.com.br\/site\/wp-content\/uploads\/2018\/05\/roberto-com-a-neta-200-150x150.jpg 150w\" sizes=\"(max-width: 200px) 100vw, 200px\" \/><\/strong>a) tesoureiro da OAB\/ Sp \u2013 Itanha\u00e9m, &#8211; 1984\/1985<br \/>\nb) secret\u00e1rio da OAB\/ Sp \u2013 Itanha\u00e9m \u20131985\/1987 \u20131987\/1989 \u20131989\/1991<br \/>\nc) presidente da OAB\/ To \u2013 Gurupi -1991\/1993 \u20131993\/1995<br \/>\nd) membro da Comiss\u00e3o de Defesa e Assist\u00eancia do Conselho Seccional da OAB\/ Sc \u2013 2001\/2003<br \/>\ne) membro da Comiss\u00e3o de Estudos Jur\u00eddicos e Legisla\u00e7\u00e3o do Conselho Seccional da OAB\/Sc -2004\/2006<br \/>\nf) presidente da Comiss\u00e3o de Estudos Jur\u00eddicos e Legisla\u00e7\u00e3o do Conselho Seccional da OAB\/ Sc \u2013 2004\/ 2005 e 2005\/ 2007<br \/>\ng) Auditor do III Tribunal de \u00c9tica e Disciplina da OAB-Sc \u2013 ( gest\u00e3o 2007 -2009 ).<br \/>\nh) Coordenador Geral do Instituto de Defesa da Cidadania e Direitos Humanos de S. Francisco do Sul \u2013 1996\/1997- 1997\/ 1999 e 1999\/ 2001<br \/>\ni) Editor do franzine on line Expresso Vida \u2013 S\u00e3o Francisco do Sul, Sc. 2000.<br \/>\nj) Editor do blog Expresso Vida ( expresso.vida.blogspot.com.br ) \u2013 Florian\u00f3polis, Sc. 2011.<br \/>\nk) Membro titular do Conselho Estadual de Defesa dos Direitos Humanos. Tocantins. 1990-1992<br \/>\nl)) Membro suplente do Conselho Estadual Penitenci\u00e1rio. Tocantins. 1990-1992<br \/>\nM) Vereador \u00e0 C\u00e2mara Municipal de Canan\u00e9ia, Sp \u2013 29 de Abril \u2013 01 de Agosto de 1982.<br \/>\nN) Membro da Junta Disciplinar Desportiva \u2013 Liga Francisquense de Futebol. 1995 \u2013 2000.<br \/>\nO) Auditor suplente do I Tribunal de \u00c9tica e Disciplina da OAB \u2013Sc. ( gest\u00e3o 2010-2012)<br \/>\np) Locutor, Produtor e Editor do programa de r\u00e1dio di\u00e1rio \u2013 Expresso Vida. R\u00e1dio Comunit\u00e1ria Campeche, Florian\u00f3polis, Sc.- radiocampeche.com.br<br \/>\nq) Membro da Academia Eldoradense de Letras, de Eldorado, Sp, empossado em 25 de agosto de 1979,<br \/>\nr) Membro da Academia Itanhaense de Letras, de Itanha\u00e9m, Sp, empossado em novembro de 2012.<br \/>\ns) Titular da Cadeira n\u00ba35 da Academia S\u00e3o Jos\u00e9 de Letras, de S\u00e3o Jos\u00e9, Santa Catarina, empossado em Junho de 2013.<br \/>\nt) Diretor de Opini\u00e3o da Associa\u00e7\u00e3o Comercial e Industrial de Florian\u00f3polis, eleito em 2011. \u2013 2017. Exonerado \u00e0 pedido.<br \/>\nu) Consultor da Comiss\u00e3o de Direito Notarial e Registraria do Conselho Federal da Ordem dos Advogados do Brasil.<br \/>\nv) Presidente da Comiss\u00e3o de Direito Notarial e Registros P\u00fablicos da OAB-Sc. \u2013 2012-2015; 2016-2018 e 2019-2021<br \/>\nx) Secret\u00e1rio Adjunto da Comiss\u00e3o de Direito Notarial e Registral do Conselho Federal da Ordem dos Advogados do Brasil\u00a0 &#8211; <strong><span style=\"text-decoration: underline;\"><em><a href=\"https:\/\/puglieseadvogados.com.br\/site\/wp-content\/uploads\/2019\/05\/PORTARIA-731-2019.pdf\">Veja Portaria 731\/2019<\/a><br \/>\n<\/em><\/span><\/strong>y) Locutor, Produtor e Editor do programa de r\u00e1dio semanal \u2013 Expresso Vida. R\u00e1dio Comunit\u00e1ria Transmare, Canan\u00e9ia, Sp.<br \/>\nz) Locutor, Produtor e Editor do programa de r\u00e1dio semanal Cidadania em Foco. R\u00e1dio S\u00e3o Francisco AM, S\u00e3o Francisco do Sul, Sc<\/p>\n<p>&nbsp;<\/p>\n","protected":false},"excerpt":{"rendered":"<div class=\"slide-text-bg2\"><span>Roberto J. Pugliese \u00e9 brasileiro, casado com Ivone Cl\u00e1udia de Braga Pereira Pugliese desde 1976, advogado, inscrito na OAB-Sc sob n\u00ba 9059-b, professor d<\/span><\/div>\n<div class=\"slide-btn-area-sm\"><a href=\"https:\/\/puglieseadvogados.com.br\/site\/curriculo\/\" class=\"slide-btn-sm\">Ler mais<\/a><\/div>\n","protected":false},"author":1,"featured_media":0,"parent":0,"menu_order":0,"comment_status":"closed","ping_status":"closed","template":"","meta":[],"_links":{"self":[{"href":"https:\/\/puglieseadvogados.com.br\/site\/wp-json\/wp\/v2\/pages\/105"}],"collection":[{"href":"https:\/\/puglieseadvogados.com.br\/site\/wp-json\/wp\/v2\/pages"}],"about":[{"href":"https:\/\/puglieseadvogados.com.br\/site\/wp-json\/wp\/v2\/types\/page"}],"author":[{"embeddable":true,"href":"https:\/\/puglieseadvogados.com.br\/site\/wp-json\/wp\/v2\/users\/1"}],"replies":[{"embeddable":true,"href":"https:\/\/puglieseadvogados.com.br\/site\/wp-json\/wp\/v2\/comments?post=105"}],"version-history":[{"count":98,"href":"https:\/\/puglieseadvogados.com.br\/site\/wp-json\/wp\/v2\/pages\/105\/revisions"}],"predecessor-version":[{"id":1031,"href":"https:\/\/puglieseadvogados.com.br\/site\/wp-json\/wp\/v2\/pages\/105\/revisions\/1031"}],"wp:attachment":[{"href":"https:\/\/puglieseadvogados.com.br\/site\/wp-json\/wp\/v2\/media?parent=105"}],"curies":[{"name":"wp","href":"https:\/\/api.w.org\/{rel}","templated":true}]}}